{"id":158,"date":"2020-06-17T12:13:08","date_gmt":"2020-06-17T12:13:08","guid":{"rendered":"https:\/\/bridge375.qodeinteractive.com\/?page_id=158"},"modified":"2025-05-06T16:48:21","modified_gmt":"2025-05-06T22:48:21","slug":"conversemos","status":"publish","type":"page","link":"https:\/\/nest.cr\/en\/conversemos\/","title":{"rendered":"Drop Us a Line"},"content":{"rendered":"<div data-elementor-type=\"wp-page\" data-elementor-id=\"158\" class=\"elementor elementor-158\">\n\t\t\t\t<div class=\"elementor-element elementor-element-5e0e42c e-con-full e-flex parallax_section_no qode_elementor_container_no e-con e-parent\" data-id=\"5e0e42c\" data-element_type=\"container\" data-e-type=\"container\" data-settings=\"{&quot;background_background&quot;:&quot;classic&quot;}\">\n\t\t\t\t<\/div>\n\t\t\t\t<section class=\"elementor-section elementor-top-section elementor-element elementor-element-62b185bf elementor-section-full_width qode_elementor_container_inner elementor-reverse-tablet elementor-reverse-mobile elementor-section-height-default elementor-section-height-default parallax_section_no\" data-id=\"62b185bf\" data-element_type=\"section\" data-e-type=\"section\">\n\t\t\t\t\t\t<div class=\"elementor-container elementor-column-gap-no\">\n\t\t\t\t\t<div class=\"elementor-column elementor-col-50 elementor-top-column elementor-element elementor-element-64a6c6a3\" data-id=\"64a6c6a3\" data-element_type=\"column\" data-e-type=\"column\">\n\t\t\t<div class=\"elementor-widget-wrap elementor-element-populated\">\n\t\t\t\t\t\t<div class=\"elementor-element elementor-element-5480faf3 elementor-widget elementor-widget-heading\" data-id=\"5480faf3\" data-element_type=\"widget\" data-e-type=\"widget\" data-widget_type=\"heading.default\">\n\t\t\t\t<div class=\"elementor-widget-container\">\n\t\t\t\t\t<h2 class=\"elementor-heading-title elementor-size-default\">DROP US A LINE<\/h2>\t\t\t\t<\/div>\n\t\t\t\t<\/div>\n\t\t\t\t<div class=\"elementor-element elementor-element-6786bf10 elementor-widget elementor-widget-bridge_cf_7\" data-id=\"6786bf10\" data-element_type=\"widget\" data-e-type=\"widget\" data-widget_type=\"bridge_cf_7.default\">\n\t\t\t\t<div class=\"elementor-widget-container\">\n\t\t\t\t\t    <div class=\"qode-contact-form-7 qode-contact-form-7-0\">\n    \n<div class=\"wpcf7 no-js\" id=\"wpcf7-f133-o1\" lang=\"en-US\" dir=\"ltr\" data-wpcf7-id=\"133\">\n<div class=\"screen-reader-response\"><p role=\"status\" aria-live=\"polite\" aria-atomic=\"true\"><\/p> <ul><\/ul><\/div>\n<form action=\"\/en\/wp-json\/wp\/v2\/pages\/158#wpcf7-f133-o1\" method=\"post\" class=\"wpcf7-form init cf7_custom_style_2\" aria-label=\"Contact form\" novalidate=\"novalidate\" data-status=\"init\" data-trp-original-action=\"\/en\/wp-json\/wp\/v2\/pages\/158#wpcf7-f133-o1\">\n<fieldset class=\"hidden-fields-container\"><input type=\"hidden\" name=\"_wpcf7\" value=\"133\" \/><input type=\"hidden\" name=\"_wpcf7_version\" value=\"6.1.5\" \/><input type=\"hidden\" name=\"_wpcf7_locale\" value=\"en_US\" \/><input type=\"hidden\" name=\"_wpcf7_unit_tag\" value=\"wpcf7-f133-o1\" \/><input type=\"hidden\" name=\"_wpcf7_container_post\" value=\"0\" \/><input type=\"hidden\" name=\"_wpcf7_posted_data_hash\" value=\"\" \/>\n<\/fieldset>\n<div>\n<span class=\"wpcf7-form-control-wrap\" data-name=\"your-name\"><input size=\"40\" maxlength=\"400\" class=\"wpcf7-form-control wpcf7-text wpcf7-validates-as-required\" aria-required=\"true\" aria-invalid=\"false\" placeholder=\"Name\" value=\"\" type=\"text\" name=\"your-name\" \/><\/span>\n<\/div>\n<div>\n<span class=\"wpcf7-form-control-wrap\" data-name=\"your-subject\"><input size=\"40\" maxlength=\"400\" class=\"wpcf7-form-control wpcf7-text wpcf7-validates-as-required\" aria-required=\"true\" aria-invalid=\"false\" placeholder=\"Subject\" value=\"\" type=\"text\" name=\"your-subject\" \/><\/span>\n<\/div>\n<div>\n<span class=\"wpcf7-form-control-wrap\" data-name=\"textarea-message\"><textarea cols=\"40\" rows=\"10\" maxlength=\"2000\" class=\"wpcf7-form-control wpcf7-textarea\" aria-invalid=\"false\" placeholder=\"Message\" name=\"textarea-message\"><\/textarea><\/span>\n<\/div>\n<div style=\"text-align: left; margin: 22px 0 0;\"><input class=\"wpcf7-form-control wpcf7-submit has-spinner\" type=\"submit\" value=\"SEND\" \/><\/div><div class=\"wpcf7-response-output\" aria-hidden=\"true\"><\/div>\n<input type=\"hidden\" name=\"trp-form-language\" value=\"en\"\/><\/form>\n<\/div>\n    <\/div>\n\t\t\t\t<\/div>\n\t\t\t\t<\/div>\n\t\t\t\t\t<\/div>\n\t\t<\/div>\n\t\t\t\t<div class=\"elementor-column elementor-col-50 elementor-top-column elementor-element elementor-element-78970b43\" data-id=\"78970b43\" data-element_type=\"column\" data-e-type=\"column\">\n\t\t\t<div class=\"elementor-widget-wrap elementor-element-populated\">\n\t\t\t\t\t\t<div class=\"elementor-element elementor-element-181f1081 elementor-widget elementor-widget-heading\" data-id=\"181f1081\" data-element_type=\"widget\" data-e-type=\"widget\" data-widget_type=\"heading.default\">\n\t\t\t\t<div class=\"elementor-widget-container\">\n\t\t\t\t\t<h2 class=\"elementor-heading-title elementor-size-default\">HAVE A PROJECT IN MIND?<\/h2>\t\t\t\t<\/div>\n\t\t\t\t<\/div>\n\t\t\t\t<div class=\"elementor-element elementor-element-2c8ded9f elementor-widget elementor-widget-text-editor\" data-id=\"2c8ded9f\" data-element_type=\"widget\" data-e-type=\"widget\" data-widget_type=\"text-editor.default\">\n\t\t\t\t<div class=\"elementor-widget-container\">\n\t\t\t\t\t\t\t\t\t<p>Thank you for your interest. Whether you're looking to start a project, need technical advice, or simply want to start a conversation, we're here to listen. Please feel free to contact us, and we'll get in touch.<\/p>\t\t\t\t\t\t\t\t<\/div>\n\t\t\t\t<\/div>\n\t\t\t\t<div class=\"elementor-element elementor-element-54877f04 elementor-widget elementor-widget-text-editor\" data-id=\"54877f04\" data-element_type=\"widget\" data-e-type=\"widget\" data-widget_type=\"text-editor.default\">\n\t\t\t\t<div class=\"elementor-widget-container\">\n\t\t\t\t\t\t\t\t\t<p>San Jos\u00e9, Costa Rica<\/p>\t\t\t\t\t\t\t\t<\/div>\n\t\t\t\t<\/div>\n\t\t\t\t<div class=\"elementor-element elementor-element-3ca2b5d elementor-widget elementor-widget-text-editor\" data-id=\"3ca2b5d\" data-element_type=\"widget\" data-e-type=\"widget\" data-widget_type=\"text-editor.default\">\n\t\t\t\t<div class=\"elementor-widget-container\">\n\t\t\t\t\t\t\t\t\t<p><a href=\"tel:50640101268\">(+506) 4010-1268<\/a><\/p>\t\t\t\t\t\t\t\t<\/div>\n\t\t\t\t<\/div>\n\t\t\t\t<div class=\"elementor-element elementor-element-19000974 elementor-widget elementor-widget-text-editor\" data-id=\"19000974\" data-element_type=\"widget\" data-e-type=\"widget\" data-widget_type=\"text-editor.default\">\n\t\t\t\t<div class=\"elementor-widget-container\">\n\t\t\t\t\t\t\t\t\t<p><a href=\"mailto:info@nest.cr\">info@nest.cr<\/a><\/p>\t\t\t\t\t\t\t\t<\/div>\n\t\t\t\t<\/div>\n\t\t\t\t<div class=\"elementor-element elementor-element-2a8da38 e-grid-align-left elementor-shape-rounded elementor-grid-0 elementor-widget elementor-widget-social-icons\" data-id=\"2a8da38\" data-element_type=\"widget\" data-e-type=\"widget\" data-widget_type=\"social-icons.default\">\n\t\t\t\t<div class=\"elementor-widget-container\">\n\t\t\t\t\t\t\t<div class=\"elementor-social-icons-wrapper elementor-grid\">\n\t\t\t\t\t\t\t<span class=\"elementor-grid-item\">\n\t\t\t\t\t<a class=\"elementor-icon elementor-social-icon elementor-social-icon-instagram elementor-repeater-item-a8db526\" href=\"https:\/\/www.instagram.com\/nestcostarica\" target=\"_blank\">\n\t\t\t\t\t\t<span class=\"elementor-screen-only\">Instagram<\/span>\n\t\t\t\t\t\t<svg aria-hidden=\"true\" class=\"e-font-icon-svg e-fab-instagram\" viewbox=\"0 0 448 512\" xmlns=\"http:\/\/www.w3.org\/2000\/svg\"><path d=\"M224.1 141c-63.6 0-114.9 51.3-114.9 114.9s51.3 114.9 114.9 114.9S339 319.5 339 255.9 287.7 141 224.1 141zm0 189.6c-41.1 0-74.7-33.5-74.7-74.7s33.5-74.7 74.7-74.7 74.7 33.5 74.7 74.7-33.6 74.7-74.7 74.7zm146.4-194.3c0 14.9-12 26.8-26.8 26.8-14.9 0-26.8-12-26.8-26.8s12-26.8 26.8-26.8 26.8 12 26.8 26.8zm76.1 27.2c-1.7-35.9-9.9-67.7-36.2-93.9-26.2-26.2-58-34.4-93.9-36.2-37-2.1-147.9-2.1-184.9 0-35.8 1.7-67.6 9.9-93.9 36.1s-34.4 58-36.2 93.9c-2.1 37-2.1 147.9 0 184.9 1.7 35.9 9.9 67.7 36.2 93.9s58 34.4 93.9 36.2c37 2.1 147.9 2.1 184.9 0 35.9-1.7 67.7-9.9 93.9-36.2 26.2-26.2 34.4-58 36.2-93.9 2.1-37 2.1-147.8 0-184.8zM398.8 388c-7.8 19.6-22.9 34.7-42.6 42.6-29.5 11.7-99.5 9-132.1 9s-102.7 2.6-132.1-9c-19.6-7.8-34.7-22.9-42.6-42.6-11.7-29.5-9-99.5-9-132.1s-2.6-102.7 9-132.1c7.8-19.6 22.9-34.7 42.6-42.6 29.5-11.7 99.5-9 132.1-9s102.7-2.6 132.1 9c19.6 7.8 34.7 22.9 42.6 42.6 11.7 29.5 9 99.5 9 132.1s2.7 102.7-9 132.1z\"><\/path><\/svg>\t\t\t\t\t<\/a>\n\t\t\t\t<\/span>\n\t\t\t\t\t<\/div>\n\t\t\t\t\t\t<\/div>\n\t\t\t\t<\/div>\n\t\t\t\t\t<\/div>\n\t\t<\/div>\n\t\t\t\t\t<\/div>\n\t\t<\/section>\n\t\t\t\t<\/div>","protected":false},"excerpt":{"rendered":"<p>CONVERSEMOS \u00bfTIENE UN PROYECTO EN MENTE? Gracias por su inter\u00e9s, si est\u00e1 buscando iniciar un proyecto, asesor\u00eda t\u00e9cnica o simplemente iniciar una conversaci\u00f3n; queremos escucharlo. Escribanos y nos ponemos en contacto. San Jos\u00e9, Costa Rica (+506) 4010-1268 info@nest.cr Instagram<\/p>","protected":false},"author":1,"featured_media":0,"parent":0,"menu_order":0,"comment_status":"closed","ping_status":"closed","template":"full_width.php","meta":{"footnotes":""},"class_list":["post-158","page","type-page","status-publish","hentry"],"yoast_head":"<!-- This site is optimized with the Yoast SEO plugin v27.3 - https:\/\/yoast.com\/product\/yoast-seo-wordpress\/ -->\n<title>Conversemos - Nest Costa Rica<\/title>\n<meta name=\"robots\" content=\"index, follow, max-snippet:-1, max-image-preview:large, max-video-preview:-1\" \/>\n<link rel=\"canonical\" href=\"https:\/\/nest.cr\/en\/conversemos\/\" \/>\n<meta property=\"og:locale\" content=\"en_US\" \/>\n<meta property=\"og:type\" content=\"article\" \/>\n<meta property=\"og:title\" content=\"Conversemos - Nest Costa Rica\" \/>\n<meta property=\"og:description\" content=\"CONVERSEMOS \u00bfTIENE UN PROYECTO EN MENTE? Gracias por su inter\u00e9s, si est\u00e1 buscando iniciar un proyecto, asesor\u00eda t\u00e9cnica o simplemente iniciar una conversaci\u00f3n; queremos escucharlo. Escribanos y nos ponemos en contacto. San Jos\u00e9, Costa Rica (+506) 4010-1268 info@nest.cr Instagram\" \/>\n<meta property=\"og:url\" content=\"https:\/\/nest.cr\/en\/conversemos\/\" \/>\n<meta property=\"og:site_name\" content=\"Nest Costa Rica\" \/>\n<meta property=\"article:modified_time\" content=\"2025-05-06T22:48:21+00:00\" \/>\n<meta property=\"og:image\" content=\"https:\/\/nest.cr\/wp-content\/uploads\/2024\/02\/Contacto-BG.jpg\" \/>\n\t<meta property=\"og:image:width\" content=\"2000\" \/>\n\t<meta property=\"og:image:height\" content=\"1332\" \/>\n\t<meta property=\"og:image:type\" content=\"image\/jpeg\" \/>\n<meta name=\"twitter:card\" content=\"summary_large_image\" \/>\n<meta name=\"twitter:label1\" content=\"Est. reading time\" \/>\n\t<meta name=\"twitter:data1\" content=\"1 minute\" \/>\n<script type=\"application\/ld+json\" class=\"yoast-schema-graph\">{\"@context\":\"https:\\\/\\\/schema.org\",\"@graph\":[{\"@type\":\"WebPage\",\"@id\":\"https:\\\/\\\/nest.cr\\\/conversemos\\\/\",\"url\":\"https:\\\/\\\/nest.cr\\\/conversemos\\\/\",\"name\":\"Conversemos - Nest Costa Rica\",\"isPartOf\":{\"@id\":\"https:\\\/\\\/nest.cr\\\/#website\"},\"datePublished\":\"2020-06-17T12:13:08+00:00\",\"dateModified\":\"2025-05-06T22:48:21+00:00\",\"breadcrumb\":{\"@id\":\"https:\\\/\\\/nest.cr\\\/conversemos\\\/#breadcrumb\"},\"inLanguage\":\"en-US\",\"potentialAction\":[{\"@type\":\"ReadAction\",\"target\":[\"https:\\\/\\\/nest.cr\\\/conversemos\\\/\"]}]},{\"@type\":\"BreadcrumbList\",\"@id\":\"https:\\\/\\\/nest.cr\\\/conversemos\\\/#breadcrumb\",\"itemListElement\":[{\"@type\":\"ListItem\",\"position\":1,\"name\":\"Portada\",\"item\":\"https:\\\/\\\/nest.cr\\\/\"},{\"@type\":\"ListItem\",\"position\":2,\"name\":\"Conversemos\"}]},{\"@type\":\"WebSite\",\"@id\":\"https:\\\/\\\/nest.cr\\\/#website\",\"url\":\"https:\\\/\\\/nest.cr\\\/\",\"name\":\"Nest Costa Rica\",\"description\":\"We build more than homes\u2014we build trust, innovation, and long-term relationships.\",\"publisher\":{\"@id\":\"https:\\\/\\\/nest.cr\\\/#organization\"},\"potentialAction\":[{\"@type\":\"SearchAction\",\"target\":{\"@type\":\"EntryPoint\",\"urlTemplate\":\"https:\\\/\\\/nest.cr\\\/?s={search_term_string}\"},\"query-input\":{\"@type\":\"PropertyValueSpecification\",\"valueRequired\":true,\"valueName\":\"search_term_string\"}}],\"inLanguage\":\"en-US\"},{\"@type\":\"Organization\",\"@id\":\"https:\\\/\\\/nest.cr\\\/#organization\",\"name\":\"Nest Costa Rica\",\"url\":\"https:\\\/\\\/nest.cr\\\/\",\"logo\":{\"@type\":\"ImageObject\",\"inLanguage\":\"en-US\",\"@id\":\"https:\\\/\\\/nest.cr\\\/#\\\/schema\\\/logo\\\/image\\\/\",\"url\":\"https:\\\/\\\/nest.cr\\\/wp-content\\\/uploads\\\/2024\\\/02\\\/Logo-Website-Nest.png\",\"contentUrl\":\"https:\\\/\\\/nest.cr\\\/wp-content\\\/uploads\\\/2024\\\/02\\\/Logo-Website-Nest.png\",\"width\":479,\"height\":257,\"caption\":\"Nest Costa Rica\"},\"image\":{\"@id\":\"https:\\\/\\\/nest.cr\\\/#\\\/schema\\\/logo\\\/image\\\/\"}}]}<\/script>\n<!-- \/ Yoast SEO plugin. -->","yoast_head_json":{"title":"Conversemos - Nest Costa Rica","robots":{"index":"index","follow":"follow","max-snippet":"max-snippet:-1","max-image-preview":"max-image-preview:large","max-video-preview":"max-video-preview:-1"},"canonical":"https:\/\/nest.cr\/en\/conversemos\/","og_locale":"en_US","og_type":"article","og_title":"Conversemos - Nest Costa Rica","og_description":"CONVERSEMOS \u00bfTIENE UN PROYECTO EN MENTE? Gracias por su inter\u00e9s, si est\u00e1 buscando iniciar un proyecto, asesor\u00eda t\u00e9cnica o simplemente iniciar una conversaci\u00f3n; queremos escucharlo. Escribanos y nos ponemos en contacto. San Jos\u00e9, Costa Rica (+506) 4010-1268 info@nest.cr Instagram","og_url":"https:\/\/nest.cr\/en\/conversemos\/","og_site_name":"Nest Costa Rica","article_modified_time":"2025-05-06T22:48:21+00:00","og_image":[{"width":2000,"height":1332,"url":"https:\/\/nest.cr\/wp-content\/uploads\/2024\/02\/Contacto-BG.jpg","type":"image\/jpeg"}],"twitter_card":"summary_large_image","twitter_misc":{"Est. reading time":"1 minute"},"schema":{"@context":"https:\/\/schema.org","@graph":[{"@type":"WebPage","@id":"https:\/\/nest.cr\/conversemos\/","url":"https:\/\/nest.cr\/conversemos\/","name":"Conversemos - Nest Costa Rica","isPartOf":{"@id":"https:\/\/nest.cr\/#website"},"datePublished":"2020-06-17T12:13:08+00:00","dateModified":"2025-05-06T22:48:21+00:00","breadcrumb":{"@id":"https:\/\/nest.cr\/conversemos\/#breadcrumb"},"inLanguage":"en-US","potentialAction":[{"@type":"ReadAction","target":["https:\/\/nest.cr\/conversemos\/"]}]},{"@type":"BreadcrumbList","@id":"https:\/\/nest.cr\/conversemos\/#breadcrumb","itemListElement":[{"@type":"ListItem","position":1,"name":"Portada","item":"https:\/\/nest.cr\/"},{"@type":"ListItem","position":2,"name":"Conversemos"}]},{"@type":"WebSite","@id":"https:\/\/nest.cr\/#website","url":"https:\/\/nest.cr\/","name":"Nest Costa Rica","description":"We build more than homes\u2014we build trust, innovation, and long-term relationships.","publisher":{"@id":"https:\/\/nest.cr\/#organization"},"potentialAction":[{"@type":"SearchAction","target":{"@type":"EntryPoint","urlTemplate":"https:\/\/nest.cr\/?s={search_term_string}"},"query-input":{"@type":"PropertyValueSpecification","valueRequired":true,"valueName":"search_term_string"}}],"inLanguage":"en-US"},{"@type":"Organization","@id":"https:\/\/nest.cr\/#organization","name":"Nest Costa Rica","url":"https:\/\/nest.cr\/","logo":{"@type":"ImageObject","inLanguage":"en-US","@id":"https:\/\/nest.cr\/#\/schema\/logo\/image\/","url":"https:\/\/nest.cr\/wp-content\/uploads\/2024\/02\/Logo-Website-Nest.png","contentUrl":"https:\/\/nest.cr\/wp-content\/uploads\/2024\/02\/Logo-Website-Nest.png","width":479,"height":257,"caption":"Nest Costa Rica"},"image":{"@id":"https:\/\/nest.cr\/#\/schema\/logo\/image\/"}}]}},"_links":{"self":[{"href":"https:\/\/nest.cr\/en\/wp-json\/wp\/v2\/pages\/158","targetHints":{"allow":["GET"]}}],"collection":[{"href":"https:\/\/nest.cr\/en\/wp-json\/wp\/v2\/pages"}],"about":[{"href":"https:\/\/nest.cr\/en\/wp-json\/wp\/v2\/types\/page"}],"author":[{"embeddable":true,"href":"https:\/\/nest.cr\/en\/wp-json\/wp\/v2\/users\/1"}],"replies":[{"embeddable":true,"href":"https:\/\/nest.cr\/en\/wp-json\/wp\/v2\/comments?post=158"}],"version-history":[{"count":3,"href":"https:\/\/nest.cr\/en\/wp-json\/wp\/v2\/pages\/158\/revisions"}],"predecessor-version":[{"id":1324,"href":"https:\/\/nest.cr\/en\/wp-json\/wp\/v2\/pages\/158\/revisions\/1324"}],"wp:attachment":[{"href":"https:\/\/nest.cr\/en\/wp-json\/wp\/v2\/media?parent=158"}],"curies":[{"name":"wp","href":"https:\/\/api.w.org\/{rel}","templated":true}]}}